{"id":644,"date":"2018-06-18T14:12:35","date_gmt":"2018-06-18T17:12:35","guid":{"rendered":"https:\/\/isjasuperior-cba.infd.edu.ar\/sitio\/?page_id=644"},"modified":"2023-04-16T21:34:46","modified_gmt":"2023-04-17T00:34:46","slug":"catalogo","status":"publish","type":"page","link":"https:\/\/isjasuperior-cba.infd.edu.ar\/sitio\/catalogo\/","title":{"rendered":"Carreras"},"content":{"rendered":"\n<p>Profesorado de Educaci\u00f3n Primaria <\/p>\n\n\n\n<p> Profesorado de Educaci\u00f3n Inicial <\/p>\n\n\n\n<p>Profesorado de Educaci\u00f3n Secundaria en Lengua y Literatura <\/p>\n\n\n\n<p>Tecnicatura Superior en Administraci\u00f3n de Empresas.<\/p>\n","protected":false},"excerpt":{"rendered":"<p>Profesorado de Educaci\u00f3n Primaria Profesorado de Educaci\u00f3n Inicial Profesorado de Educaci\u00f3n Secundaria en Lengua y Literatura Tecnicatura Superior en Administraci\u00f3n de Empresas.<\/p>\n","protected":false},"author":1,"featured_media":0,"parent":0,"menu_order":0,"comment_status":"closed","ping_status":"closed","template":"","meta":[],"acf":[],"_links":{"self":[{"href":"https:\/\/isjasuperior-cba.infd.edu.ar\/sitio\/wp-json\/wp\/v2\/pages\/644"}],"collection":[{"href":"https:\/\/isjasuperior-cba.infd.edu.ar\/sitio\/wp-json\/wp\/v2\/pages"}],"about":[{"href":"https:\/\/isjasuperior-cba.infd.edu.ar\/sitio\/wp-json\/wp\/v2\/types\/page"}],"author":[{"embeddable":true,"href":"https:\/\/isjasuperior-cba.infd.edu.ar\/sitio\/wp-json\/wp\/v2\/users\/1"}],"replies":[{"embeddable":true,"href":"https:\/\/isjasuperior-cba.infd.edu.ar\/sitio\/wp-json\/wp\/v2\/comments?post=644"}],"version-history":[{"count":9,"href":"https:\/\/isjasuperior-cba.infd.edu.ar\/sitio\/wp-json\/wp\/v2\/pages\/644\/revisions"}],"predecessor-version":[{"id":802,"href":"https:\/\/isjasuperior-cba.infd.edu.ar\/sitio\/wp-json\/wp\/v2\/pages\/644\/revisions\/802"}],"wp:attachment":[{"href":"https:\/\/isjasuperior-cba.infd.edu.ar\/sitio\/wp-json\/wp\/v2\/media?parent=644"}],"curies":[{"name":"wp","href":"https:\/\/api.w.org\/{rel}","templated":true}]}}